{"id":188,"date":"2025-09-25T23:20:02","date_gmt":"2025-09-25T21:20:02","guid":{"rendered":"https:\/\/chooseyourstock.com\/index.php\/cart\/"},"modified":"2025-09-25T23:51:35","modified_gmt":"2025-09-25T21:51:35","slug":"cart","status":"publish","type":"page","link":"https:\/\/chooseyourstock.com\/index.php\/cart\/","title":{"rendered":"Cart"},"content":{"rendered":"\n<div data-block-name=\"woocommerce\/cart\" class=\"wp-block-woocommerce-cart alignwide is-loading\">\n<div data-block-name=\"woocommerce\/filled-cart-block\" class=\"wp-block-woocommerce-filled-cart-block\">\n<div data-block-name=\"woocommerce\/cart-items-block\" class=\"wp-block-woocommerce-cart-items-block\">\n<div data-block-name=\"woocommerce\/cart-line-items-block\" class=\"wp-block-woocommerce-cart-line-items-block\"><\/div>\n\n\n<\/div>\n\n\n\n\n<div data-block-name=\"woocommerce\/cart-totals-block\" class=\"wp-block-woocommerce-cart-totals-block\">\n<div data-block-name=\"woocommerce\/cart-order-summary-block\" class=\"wp-block-woocommerce-cart-order-summary-block\">\n<div data-block-name=\"woocommerce\/cart-order-summary-heading-block\" class=\"wp-block-woocommerce-cart-order-summary-heading-block\"><\/div><div data-block-name=\"woocommerce\/cart-order-summary-coupon-form-block\" class=\"wp-block-woocommerce-cart-order-summary-coupon-form-block\"><\/div><div data-block-name=\"woocommerce\/cart-order-summary-totals-block\" class=\"wp-block-woocommerce-cart-order-summary-totals-block\">\n<div data-block-name=\"woocommerce\/cart-order-summary-subtotal-block\" class=\"wp-block-woocommerce-cart-order-summary-subtotal-block\"><\/div>\n<div data-block-name=\"woocommerce\/cart-order-summary-discount-block\" class=\"wp-block-woocommerce-cart-order-summary-discount-block\"><\/div>\n<div data-block-name=\"woocommerce\/cart-order-summary-fee-block\" class=\"wp-block-woocommerce-cart-order-summary-fee-block\"><\/div>\n<div data-block-name=\"woocommerce\/cart-order-summary-shipping-block\" class=\"wp-block-woocommerce-cart-order-summary-shipping-block\"><\/div>\n<div data-block-name=\"woocommerce\/cart-order-summary-taxes-block\" class=\"wp-block-woocommerce-cart-order-summary-taxes-block\"><\/div><\/div>\n<\/div>\n\n\n\n<div data-block-name=\"woocommerce-paypal-payments\/cart-paylater-messages\" data-pp-placement=\"cart\" data-pp-style-layout=\"text\" data-pp-style-logo-position=\"\" data-pp-style-logo-type=\"\" data-pp-style-text-color=\"\" data-pp-style-text-size=\"\" id=\"ppcp-cart-paylater-messages\" class=\"ppcp-messages\" data-partner-attribution-id=\"Woo_PPCP\"><\/div><div data-block-name=\"woocommerce\/cart-express-payment-block\" class=\"wp-block-woocommerce-cart-express-payment-block\"><\/div>\n\n\n\n<div data-block-name=\"woocommerce\/proceed-to-checkout-block\" class=\"wp-block-woocommerce-proceed-to-checkout-block\"><\/div>\n\n\n\n<div data-block-name=\"woocommerce\/cart-accepted-payment-methods-block\" class=\"wp-block-woocommerce-cart-accepted-payment-methods-block\"><\/div>\n<\/div>\n<\/div>\n\n\n\n<div data-block-name=\"woocommerce\/empty-cart-block\" class=\"wp-block-woocommerce-empty-cart-block\">\n<h2 class=\"wp-block-heading has-text-align-center with-empty-cart-icon wc-block-cart__empty-cart__title\">Your cart is currently empty!<\/h2>\n\n\n\n<hr class=\"wp-block-separator has-alpha-channel-opacity is-style-dots\"\/>\n\n\n\n<h2 class=\"wp-block-heading has-text-align-center\">New in store<\/h2>\n\n\n<div data-block-name=\"woocommerce\/product-new\" data-columns=\"4\" data-rows=\"1\" class=\"wc-block-grid wp-block-product-new wp-block-woocommerce-product-new wc-block-product-new has-4-columns\"><ul class=\"wc-block-grid__products\"><li class=\"wc-block-grid__product\">\n\t\t\t\t<a href=\"https:\/\/chooseyourstock.com\/index.php\/product\/safran-fr0000073272-over-20-years\/\" class=\"wc-block-grid__product-link\">\n\t\t\t\t\t\n\t\t\t\t\t<div class=\"wc-block-grid__product-image\"><img fetchpriority=\"high\" decoding=\"async\" width=\"324\" height=\"324\" src=\"https:\/\/chooseyourstock.com\/wp-content\/uploads\/2025\/12\/SAFRAN-FR0000073272-over-20y-324x324.png\" class=\"attachment-woocommerce_thumbnail size-woocommerce_thumbnail\" alt=\"Safran fr0000073272 over 20y\" srcset=\"https:\/\/chooseyourstock.com\/wp-content\/uploads\/2025\/12\/SAFRAN-FR0000073272-over-20y-324x324.png 324w, https:\/\/chooseyourstock.com\/wp-content\/uploads\/2025\/12\/SAFRAN-FR0000073272-over-20y-150x150.png 150w, https:\/\/chooseyourstock.com\/wp-content\/uploads\/2025\/12\/SAFRAN-FR0000073272-over-20y-100x100.png 100w\" sizes=\"(max-width: 324px) 100vw, 324px\" \/><\/div>\n\t\t\t\t\t<div class=\"wc-block-grid__product-title\">SAFRAN &#8211; FR0000073272 over 20 years<\/div>\n\t\t\t\t<\/a>\n\t\t\t\t<div class=\"wc-block-grid__product-price price\"><span class=\"woocommerce-Price-amount amount\">0,00100&nbsp;<span class=\"woocommerce-Price-currencySymbol\">&#3647;<\/span><\/span><\/div>\n\t\t\t\t\n\t\t\t\t<div class=\"wp-block-button wc-block-grid__product-add-to-cart\"><a href=\"\/index.php\/wp-json\/wp\/v2\/pages\/188?add-to-cart=407\" aria-label=\"Add to cart: &ldquo;SAFRAN - FR0000073272 over 20 years&rdquo;\" data-quantity=\"1\" data-product_id=\"407\" data-product_sku=\"122b638d379e324cc1620b75aafa8d4d5f49816958956fe39c5ccacee4ce15f5c7b772c412cb688525c32615f68a576647d2178db8da2fb4463058b656453e60\" data-price=\"0.001\" rel=\"nofollow\" class=\"wp-block-button__link  add_to_cart_button ajax_add_to_cart\">Add to cart<\/a><\/div>\n\t\t\t<\/li><li class=\"wc-block-grid__product\">\n\t\t\t\t<a href=\"https:\/\/chooseyourstock.com\/index.php\/product\/thales-fr0000121329-over-20-years\/\" class=\"wc-block-grid__product-link\">\n\t\t\t\t\t\n\t\t\t\t\t<div class=\"wc-block-grid__product-image\"><img decoding=\"async\" width=\"324\" height=\"324\" src=\"https:\/\/chooseyourstock.com\/wp-content\/uploads\/2025\/12\/THALES-S.A.-FR0000121329-over-20-years-324x324.png\" class=\"attachment-woocommerce_thumbnail size-woocommerce_thumbnail\" alt=\"Thales s.a. fr0000121329 over 20 years\" srcset=\"https:\/\/chooseyourstock.com\/wp-content\/uploads\/2025\/12\/THALES-S.A.-FR0000121329-over-20-years-324x324.png 324w, https:\/\/chooseyourstock.com\/wp-content\/uploads\/2025\/12\/THALES-S.A.-FR0000121329-over-20-years-150x150.png 150w, https:\/\/chooseyourstock.com\/wp-content\/uploads\/2025\/12\/THALES-S.A.-FR0000121329-over-20-years-100x100.png 100w\" sizes=\"(max-width: 324px) 100vw, 324px\" \/><\/div>\n\t\t\t\t\t<div class=\"wc-block-grid__product-title\">THALES &#8211; FR0000121329 over 20 years<\/div>\n\t\t\t\t<\/a>\n\t\t\t\t<div class=\"wc-block-grid__product-price price\"><span class=\"woocommerce-Price-amount amount\">0,00100&nbsp;<span class=\"woocommerce-Price-currencySymbol\">&#3647;<\/span><\/span><\/div>\n\t\t\t\t\n\t\t\t\t<div class=\"wp-block-button wc-block-grid__product-add-to-cart\"><a href=\"\/index.php\/wp-json\/wp\/v2\/pages\/188?add-to-cart=405\" aria-label=\"Add to cart: &ldquo;THALES - FR0000121329 over 20 years&rdquo;\" data-quantity=\"1\" data-product_id=\"405\" data-product_sku=\"92ffe7c540e900c947fd6b92c21c3a0cb37d89d15a1ace2dc7f1eefa412bf48e12d92bf6b0daa25852a14ed577e322ea6acfb0a63d38008d23dc1b565bcd1845\" data-price=\"0.001\" rel=\"nofollow\" class=\"wp-block-button__link  add_to_cart_button ajax_add_to_cart\">Add to cart<\/a><\/div>\n\t\t\t<\/li><li class=\"wc-block-grid__product\">\n\t\t\t\t<a href=\"https:\/\/chooseyourstock.com\/index.php\/product\/societe-generale-fr0000130809-over-5-years\/\" class=\"wc-block-grid__product-link\">\n\t\t\t\t\t\n\t\t\t\t\t<div class=\"wc-block-grid__product-image\"><img decoding=\"async\" width=\"324\" height=\"324\" src=\"https:\/\/chooseyourstock.com\/wp-content\/uploads\/2025\/12\/Societe-Generale-S.A.-FR0000130809-over-5-years-324x324.png\" class=\"attachment-woocommerce_thumbnail size-woocommerce_thumbnail\" alt=\"Soci\u00e9t\u00e9 g\u00e9n\u00e9rale s.a. fr0000130809 over 5 years\" srcset=\"https:\/\/chooseyourstock.com\/wp-content\/uploads\/2025\/12\/Societe-Generale-S.A.-FR0000130809-over-5-years-324x324.png 324w, https:\/\/chooseyourstock.com\/wp-content\/uploads\/2025\/12\/Societe-Generale-S.A.-FR0000130809-over-5-years-150x150.png 150w, https:\/\/chooseyourstock.com\/wp-content\/uploads\/2025\/12\/Societe-Generale-S.A.-FR0000130809-over-5-years-100x100.png 100w\" sizes=\"(max-width: 324px) 100vw, 324px\" \/><\/div>\n\t\t\t\t\t<div class=\"wc-block-grid__product-title\">Soci\u00e9t\u00e9 G\u00e9n\u00e9rale &#8211; FR0000130809 over 5 years<\/div>\n\t\t\t\t<\/a>\n\t\t\t\t<div class=\"wc-block-grid__product-price price\"><span class=\"woocommerce-Price-amount amount\">0,00100&nbsp;<span class=\"woocommerce-Price-currencySymbol\">&#3647;<\/span><\/span><\/div>\n\t\t\t\t\n\t\t\t\t<div class=\"wp-block-button wc-block-grid__product-add-to-cart\"><a href=\"\/index.php\/wp-json\/wp\/v2\/pages\/188?add-to-cart=403\" aria-label=\"Add to cart: &ldquo;Soci\u00e9t\u00e9 G\u00e9n\u00e9rale - FR0000130809 over 5 years&rdquo;\" data-quantity=\"1\" data-product_id=\"403\" data-product_sku=\"cc392b5c4f647a5b41dafe20fe56a5fc7fdbb819273dba67eaf826ee090d55d9a7b979189341123181b505f4c4e11610df7f3ecb495b7ca005af254abea91a81\" data-price=\"0.001\" rel=\"nofollow\" class=\"wp-block-button__link  add_to_cart_button ajax_add_to_cart\">Add to cart<\/a><\/div>\n\t\t\t<\/li><li class=\"wc-block-grid__product\">\n\t\t\t\t<a href=\"https:\/\/chooseyourstock.com\/index.php\/product\/next-signal-on-credit-agricole-fr0000045072-over-5-years\/\" class=\"wc-block-grid__product-link\">\n\t\t\t\t\t\n\t\t\t\t\t<div class=\"wc-block-grid__product-image\"><img loading=\"lazy\" decoding=\"async\" width=\"324\" height=\"324\" src=\"https:\/\/chooseyourstock.com\/wp-content\/uploads\/2025\/12\/Credit-Agricole-FR0000045072-over-5-years-324x324.png\" class=\"attachment-woocommerce_thumbnail size-woocommerce_thumbnail\" alt=\"Credit agricole fr0000045072 over 5 years\" srcset=\"https:\/\/chooseyourstock.com\/wp-content\/uploads\/2025\/12\/Credit-Agricole-FR0000045072-over-5-years-324x324.png 324w, https:\/\/chooseyourstock.com\/wp-content\/uploads\/2025\/12\/Credit-Agricole-FR0000045072-over-5-years-150x150.png 150w, https:\/\/chooseyourstock.com\/wp-content\/uploads\/2025\/12\/Credit-Agricole-FR0000045072-over-5-years-100x100.png 100w\" sizes=\"(max-width: 324px) 100vw, 324px\" \/><\/div>\n\t\t\t\t\t<div class=\"wc-block-grid__product-title\">Next signal on Credit Agricole &#8211; FR0000045072 over 5 years<\/div>\n\t\t\t\t<\/a>\n\t\t\t\t<div class=\"wc-block-grid__product-price price\"><span class=\"woocommerce-Price-amount amount\">0,00100&nbsp;<span class=\"woocommerce-Price-currencySymbol\">&#3647;<\/span><\/span><\/div>\n\t\t\t\t\n\t\t\t\t<div class=\"wp-block-button wc-block-grid__product-add-to-cart\"><a href=\"\/index.php\/wp-json\/wp\/v2\/pages\/188?add-to-cart=401\" aria-label=\"Add to cart: &ldquo;Next signal on Credit Agricole - FR0000045072 over 5 years&rdquo;\" data-quantity=\"1\" data-product_id=\"401\" data-product_sku=\"db061d2a58511d2cebec0fd3d52aaa0e40face6180c4ded500c4c6d9bd39c9f7476dd355617ba07cc41eaaef31e0ffdbfbd1ee1da46e27152f0fd76aff72e637\" data-price=\"0.001\" rel=\"nofollow\" class=\"wp-block-button__link  add_to_cart_button ajax_add_to_cart\">Add to cart<\/a><\/div>\n\t\t\t<\/li><\/ul><\/div><\/div>\n<\/div>\n","protected":false},"excerpt":{"rendered":"","protected":false},"author":1,"featured_media":0,"parent":0,"menu_order":0,"comment_status":"closed","ping_status":"closed","template":"","meta":{"slim_seo":{"title":"Cart - Choose your stock","description":""},"footnotes":""},"class_list":["post-188","page","type-page","status-publish","hentry"],"jetpack_sharing_enabled":true,"_links":{"self":[{"href":"https:\/\/chooseyourstock.com\/index.php\/wp-json\/wp\/v2\/pages\/188","targetHints":{"allow":["GET"]}}],"collection":[{"href":"https:\/\/chooseyourstock.com\/index.php\/wp-json\/wp\/v2\/pages"}],"about":[{"href":"https:\/\/chooseyourstock.com\/index.php\/wp-json\/wp\/v2\/types\/page"}],"author":[{"embeddable":true,"href":"https:\/\/chooseyourstock.com\/index.php\/wp-json\/wp\/v2\/users\/1"}],"replies":[{"embeddable":true,"href":"https:\/\/chooseyourstock.com\/index.php\/wp-json\/wp\/v2\/comments?post=188"}],"version-history":[{"count":1,"href":"https:\/\/chooseyourstock.com\/index.php\/wp-json\/wp\/v2\/pages\/188\/revisions"}],"predecessor-version":[{"id":243,"href":"https:\/\/chooseyourstock.com\/index.php\/wp-json\/wp\/v2\/pages\/188\/revisions\/243"}],"wp:attachment":[{"href":"https:\/\/chooseyourstock.com\/index.php\/wp-json\/wp\/v2\/media?parent=188"}],"curies":[{"name":"wp","href":"https:\/\/api.w.org\/{rel}","templated":true}]}}